{"id":4415,"date":"2020-01-30T16:01:08","date_gmt":"2020-01-30T16:01:08","guid":{"rendered":"http:\/\/crawfordhouse.dk\/bronze-2020\/"},"modified":"2020-09-28T22:48:51","modified_gmt":"2020-09-28T22:48:51","slug":"bronze-2020","status":"publish","type":"page","link":"https:\/\/crawfordhouse.dk\/en\/picture-gallery\/bronze-2020\/","title":{"rendered":"Bronze 2020"},"content":{"rendered":"<div class=\"wpb-content-wrapper\">[vc_row][vc_column][\/vc_column][\/vc_row][vc_row][vc_column]<div class=\"vcex-image-grid-wrap\"><div class=\"vcex-module vcex-image-grid grid-style-default wpex-row wpex-clr wpex-lightbox-group\"><div class=\"id-4419 vcex-image-grid-entry vcex-grid-item wpex-text-center span_1_of_4 col col-1\"><figure class=\"vcex-image-grid-entry-figure wpex-last-mb-0 wpex-clr\"><div class=\"vcex-image-grid-entry-img entry-media wpex-relative wpex-mb-20\"><a href=\"https:\/\/crawfordhouse.dk\/wp-content\/uploads\/2020\/01\/Helle_Rask_Crawford_Demeter_med_V\u00e5rs\u00e6den_bronze_guld_kobber_emalje_h20cm_2020.jpeg\" class=\"vcex-image-grid-entry-link wpex-lightbox-group-item\" data-caption=\"Demeter, h 30cm\"><img width=\"2592\" height=\"3215\" src=\"https:\/\/crawfordhouse.dk\/wp-content\/uploads\/2020\/01\/Helle_Rask_Crawford_Demeter_med_V\u00e5rs\u00e6den_bronze_guld_kobber_emalje_h20cm_2020.jpeg\" class=\"wpex-align-middle\" alt=\"\" loading=\"lazy\" decoding=\"async\" \/><\/a><\/div><\/figure><\/div><div class=\"id-4421 vcex-image-grid-entry vcex-grid-item wpex-text-center span_1_of_4 col col-2\"><figure class=\"vcex-image-grid-entry-figure wpex-last-mb-0 wpex-clr\"><div class=\"vcex-image-grid-entry-img entry-media wpex-relative wpex-mb-20\"><a href=\"https:\/\/crawfordhouse.dk\/wp-content\/uploads\/2020\/01\/Helle_Rask_Crawford_Kroning_bronze_guld_kobber_emalje_h15cm_1_af_8_2020.jpeg\" class=\"vcex-image-grid-entry-link wpex-lightbox-group-item\" data-caption=\"The Coronation, ed. 8. Bronze, gols, copper, enamel, h 12cm\"><img width=\"2198\" height=\"2395\" src=\"https:\/\/crawfordhouse.dk\/wp-content\/uploads\/2020\/01\/Helle_Rask_Crawford_Kroning_bronze_guld_kobber_emalje_h15cm_1_af_8_2020.jpeg\" class=\"wpex-align-middle\" alt=\"\" loading=\"lazy\" decoding=\"async\" \/><\/a><\/div><\/figure><\/div><div class=\"id-4423 vcex-image-grid-entry vcex-grid-item wpex-text-center span_1_of_4 col col-3\"><figure class=\"vcex-image-grid-entry-figure wpex-last-mb-0 wpex-clr\"><div class=\"vcex-image-grid-entry-img entry-media wpex-relative wpex-mb-20\"><a href=\"https:\/\/crawfordhouse.dk\/wp-content\/uploads\/2020\/01\/IMG_7172.jpeg\" class=\"vcex-image-grid-entry-link wpex-lightbox-group-item\" data-caption=\"Guldfinken. Bronze, guld, h 15cm\"><img width=\"2248\" height=\"2516\" src=\"https:\/\/crawfordhouse.dk\/wp-content\/uploads\/2020\/01\/IMG_7172.jpeg\" class=\"wpex-align-middle\" alt=\"\" loading=\"lazy\" decoding=\"async\" \/><\/a><\/div><\/figure><\/div><div class=\"id-4429 vcex-image-grid-entry vcex-grid-item wpex-text-center span_1_of_4 col col-4\"><figure class=\"vcex-image-grid-entry-figure wpex-last-mb-0 wpex-clr\"><div class=\"vcex-image-grid-entry-img entry-media wpex-relative wpex-mb-20\"><a href=\"https:\/\/crawfordhouse.dk\/wp-content\/uploads\/2020\/01\/IMG_0113.jpeg\" class=\"vcex-image-grid-entry-link wpex-lightbox-group-item\" data-caption=\"Oh, Shit, der er langt ned... Bronze, guld, granit, h 65cm\"><img width=\"3024\" height=\"3642\" src=\"https:\/\/crawfordhouse.dk\/wp-content\/uploads\/2020\/01\/IMG_0113.jpeg\" class=\"wpex-align-middle\" alt=\"\" loading=\"lazy\" decoding=\"async\" \/><\/a><\/div><\/figure><\/div><div class=\"id-4435 vcex-image-grid-entry vcex-grid-item wpex-text-center span_1_of_4 col col-1\"><figure class=\"vcex-image-grid-entry-figure wpex-last-mb-0 wpex-clr\"><div class=\"vcex-image-grid-entry-img entry-media wpex-relative wpex-mb-20\"><a href=\"https:\/\/crawfordhouse.dk\/wp-content\/uploads\/2020\/01\/Helle_Rask_Crawford_Through-the-Looking_Glass_bronze_cupper_h_50cm_2020.jpeg\" class=\"vcex-image-grid-entry-link wpex-lightbox-group-item\" data-caption=\"Through the Looking glass. Hommage \u00e0 Lewis Carrol, h 50cm\"><img width=\"1459\" height=\"1788\" src=\"https:\/\/crawfordhouse.dk\/wp-content\/uploads\/2020\/01\/Helle_Rask_Crawford_Through-the-Looking_Glass_bronze_cupper_h_50cm_2020.jpeg\" class=\"wpex-align-middle\" alt=\"\" loading=\"lazy\" decoding=\"async\" \/><\/a><\/div><\/figure><\/div><div class=\"id-4437 vcex-image-grid-entry vcex-grid-item wpex-text-center span_1_of_4 col col-2\"><figure class=\"vcex-image-grid-entry-figure wpex-last-mb-0 wpex-clr\"><div class=\"vcex-image-grid-entry-img entry-media wpex-relative wpex-mb-20\"><a href=\"https:\/\/crawfordhouse.dk\/wp-content\/uploads\/2020\/01\/Helle_Rask_Crawford_The-End_of_the_Rope_Bronze_2020.jpeg\" class=\"vcex-image-grid-entry-link wpex-lightbox-group-item\" data-caption=\"At the End of the Rope, bronze, wood, h30cm\"><img width=\"2790\" height=\"2786\" src=\"https:\/\/crawfordhouse.dk\/wp-content\/uploads\/2020\/01\/Helle_Rask_Crawford_The-End_of_the_Rope_Bronze_2020.jpeg\" class=\"wpex-align-middle\" alt=\"\" loading=\"lazy\" decoding=\"async\" \/><\/a><\/div><\/figure><\/div><div class=\"id-4441 vcex-image-grid-entry vcex-grid-item wpex-text-center span_1_of_4 col col-3\"><figure class=\"vcex-image-grid-entry-figure wpex-last-mb-0 wpex-clr\"><div class=\"vcex-image-grid-entry-img entry-media wpex-relative wpex-mb-20\"><a href=\"https:\/\/crawfordhouse.dk\/wp-content\/uploads\/2020\/02\/IMG_7190.jpeg\" class=\"vcex-image-grid-entry-link wpex-lightbox-group-item\" data-caption=\"The Blue Platter\"><img width=\"2041\" height=\"3247\" src=\"https:\/\/crawfordhouse.dk\/wp-content\/uploads\/2020\/02\/IMG_7190.jpeg\" class=\"wpex-align-middle\" alt=\"\" loading=\"lazy\" decoding=\"async\" \/><\/a><\/div><\/figure><\/div><div class=\"id-4584 vcex-image-grid-entry vcex-grid-item wpex-text-center span_1_of_4 col col-4\"><figure class=\"vcex-image-grid-entry-figure wpex-last-mb-0 wpex-clr\"><div class=\"vcex-image-grid-entry-img entry-media wpex-relative wpex-mb-20\"><a href=\"https:\/\/crawfordhouse.dk\/wp-content\/uploads\/2020\/07\/IMG_0844-2.jpg\" class=\"vcex-image-grid-entry-link wpex-lightbox-group-item\" data-caption=\"Sissy Frog Prince and LeapFrog I Kjellerup (ed. 8). Bronze, granit, h 120cm, photo: Lars Bay\"><img width=\"480\" height=\"640\" src=\"https:\/\/crawfordhouse.dk\/wp-content\/uploads\/2020\/07\/IMG_0844-2.jpg\" class=\"wpex-align-middle\" alt=\"\" loading=\"lazy\" decoding=\"async\" \/><\/a><\/div><\/figure><\/div><div class=\"id-4580 vcex-image-grid-entry vcex-grid-item wpex-text-center span_1_of_4 col col-1\"><figure class=\"vcex-image-grid-entry-figure wpex-last-mb-0 wpex-clr\"><div class=\"vcex-image-grid-entry-img entry-media wpex-relative wpex-mb-20\"><a href=\"https:\/\/crawfordhouse.dk\/wp-content\/uploads\/2020\/07\/10_K212456-copy-2.jpg\" class=\"vcex-image-grid-entry-link wpex-lightbox-group-item\" data-caption=\"T\u00f8seFr\u00f8 I Kjellerup (ed. 8). Bronze, granit, h 80cm, photo: Lars Bay\"><img width=\"1000\" height=\"1000\" src=\"https:\/\/crawfordhouse.dk\/wp-content\/uploads\/2020\/07\/10_K212456-copy-2.jpg\" class=\"wpex-align-middle\" alt=\"\" loading=\"lazy\" decoding=\"async\" \/><\/a><\/div><\/figure><\/div><div class=\"id-4576 vcex-image-grid-entry vcex-grid-item wpex-text-center span_1_of_4 col col-2\"><figure class=\"vcex-image-grid-entry-figure wpex-last-mb-0 wpex-clr\"><div class=\"vcex-image-grid-entry-img entry-media wpex-relative wpex-mb-20\"><a href=\"https:\/\/crawfordhouse.dk\/wp-content\/uploads\/2020\/07\/11_K212445-copy.jpg\" class=\"vcex-image-grid-entry-link wpex-lightbox-group-item\" data-caption=\"LeapFrog I Kjellerup (ed. 8). Bronze, granit, h 120cm,  photo: Lars Bay\"><img width=\"1000\" height=\"1000\" src=\"https:\/\/crawfordhouse.dk\/wp-content\/uploads\/2020\/07\/11_K212445-copy.jpg\" class=\"wpex-align-middle\" alt=\"\" loading=\"lazy\" decoding=\"async\" \/><\/a><\/div><\/figure><\/div><div class=\"id-4561 vcex-image-grid-entry vcex-grid-item wpex-text-center span_1_of_4 col col-3\"><figure class=\"vcex-image-grid-entry-figure wpex-last-mb-0 wpex-clr\"><div class=\"vcex-image-grid-entry-img entry-media wpex-relative wpex-mb-20\"><a href=\"https:\/\/crawfordhouse.dk\/wp-content\/uploads\/2020\/07\/IMG_2121-1.jpeg\" class=\"vcex-image-grid-entry-link wpex-lightbox-group-item\" data-caption=\"Memento Mori: Corona\"><img width=\"2389\" height=\"2588\" src=\"https:\/\/crawfordhouse.dk\/wp-content\/uploads\/2020\/07\/IMG_2121-1.jpeg\" class=\"wpex-align-middle\" alt=\"\" loading=\"lazy\" decoding=\"async\" \/><\/a><\/div><\/figure><\/div><div class=\"id-4557 vcex-image-grid-entry vcex-grid-item wpex-text-center span_1_of_4 col col-4\"><figure class=\"vcex-image-grid-entry-figure wpex-last-mb-0 wpex-clr\"><div class=\"vcex-image-grid-entry-img entry-media wpex-relative wpex-mb-20\"><a href=\"https:\/\/crawfordhouse.dk\/wp-content\/uploads\/2020\/07\/IMG_2146.jpeg\" class=\"vcex-image-grid-entry-link wpex-lightbox-group-item\" data-caption=\"Haps! (Det er h\u00e5rdt at v\u00e6re Fe i Fr\u00f8land)\"><img width=\"2332\" height=\"2661\" src=\"https:\/\/crawfordhouse.dk\/wp-content\/uploads\/2020\/07\/IMG_2146.jpeg\" class=\"wpex-align-middle\" alt=\"\" loading=\"lazy\" decoding=\"async\" \/><\/a><\/div><\/figure><\/div><div class=\"id-4555 vcex-image-grid-entry vcex-grid-item wpex-text-center span_1_of_4 col col-1\"><figure class=\"vcex-image-grid-entry-figure wpex-last-mb-0 wpex-clr\"><div class=\"vcex-image-grid-entry-img entry-media wpex-relative wpex-mb-20\"><a href=\"https:\/\/crawfordhouse.dk\/wp-content\/uploads\/2020\/07\/IMG_7574.jpeg\" class=\"vcex-image-grid-entry-link wpex-lightbox-group-item\" data-caption=\"Mod Vinden. Samarbejde med Kurt Due Pedersen\"><img width=\"1975\" height=\"2732\" src=\"https:\/\/crawfordhouse.dk\/wp-content\/uploads\/2020\/07\/IMG_7574.jpeg\" class=\"wpex-align-middle\" alt=\"\" loading=\"lazy\" decoding=\"async\" \/><\/a><\/div><\/figure><\/div><div class=\"id-4553 vcex-image-grid-entry vcex-grid-item wpex-text-center span_1_of_4 col col-2\"><figure class=\"vcex-image-grid-entry-figure wpex-last-mb-0 wpex-clr\"><div class=\"vcex-image-grid-entry-img entry-media wpex-relative wpex-mb-20\"><a href=\"https:\/\/crawfordhouse.dk\/wp-content\/uploads\/2020\/07\/IMG_7600.jpeg\" class=\"vcex-image-grid-entry-link wpex-lightbox-group-item\" data-caption=\"T\u00f8rstig Fr\u00f8\"><img width=\"2030\" height=\"2379\" src=\"https:\/\/crawfordhouse.dk\/wp-content\/uploads\/2020\/07\/IMG_7600.jpeg\" class=\"wpex-align-middle\" alt=\"\" loading=\"lazy\" decoding=\"async\" \/><\/a><\/div><\/figure><\/div><div class=\"id-4551 vcex-image-grid-entry vcex-grid-item wpex-text-center span_1_of_4 col col-3\"><figure class=\"vcex-image-grid-entry-figure wpex-last-mb-0 wpex-clr\"><div class=\"vcex-image-grid-entry-img entry-media wpex-relative wpex-mb-20\"><a href=\"https:\/\/crawfordhouse.dk\/wp-content\/uploads\/2020\/07\/IMG_7620.jpeg\" class=\"vcex-image-grid-entry-link wpex-lightbox-group-item\" data-caption=\"Melankoli\"><img width=\"2289\" height=\"2125\" src=\"https:\/\/crawfordhouse.dk\/wp-content\/uploads\/2020\/07\/IMG_7620.jpeg\" class=\"wpex-align-middle\" alt=\"\" loading=\"lazy\" decoding=\"async\" \/><\/a><\/div><\/figure><\/div><div class=\"id-4549 vcex-image-grid-entry vcex-grid-item wpex-text-center span_1_of_4 col col-4\"><figure class=\"vcex-image-grid-entry-figure wpex-last-mb-0 wpex-clr\"><div class=\"vcex-image-grid-entry-img entry-media wpex-relative wpex-mb-20\"><a href=\"https:\/\/crawfordhouse.dk\/wp-content\/uploads\/2020\/07\/Helle_Rask_Crawford_Corona_bronze_granit_h150cm_2020.1.jpeg\" class=\"vcex-image-grid-entry-link wpex-lightbox-group-item\" data-caption=\"Memento Mori: Corona, Bronze, granit, h 165cm\"><img width=\"2587\" height=\"3504\" src=\"https:\/\/crawfordhouse.dk\/wp-content\/uploads\/2020\/07\/Helle_Rask_Crawford_Corona_bronze_granit_h150cm_2020.1.jpeg\" class=\"wpex-align-middle\" alt=\"\" loading=\"lazy\" decoding=\"async\" \/><\/a><\/div><\/figure><\/div><div class=\"id-4543 vcex-image-grid-entry vcex-grid-item wpex-text-center span_1_of_4 col col-1\"><figure class=\"vcex-image-grid-entry-figure wpex-last-mb-0 wpex-clr\"><div class=\"vcex-image-grid-entry-img entry-media wpex-relative wpex-mb-20\"><a href=\"https:\/\/crawfordhouse.dk\/wp-content\/uploads\/2020\/07\/IMG_2110.jpeg\" class=\"vcex-image-grid-entry-link wpex-lightbox-group-item\" data-caption=\"Hang on....Bronze, granit, guld, h 70cm\"><img width=\"2650\" height=\"2870\" src=\"https:\/\/crawfordhouse.dk\/wp-content\/uploads\/2020\/07\/IMG_2110.jpeg\" class=\"wpex-align-middle\" alt=\"\" loading=\"lazy\" decoding=\"async\" \/><\/a><\/div><\/figure><\/div><div class=\"id-4541 vcex-image-grid-entry vcex-grid-item wpex-text-center span_1_of_4 col col-2\"><figure class=\"vcex-image-grid-entry-figure wpex-last-mb-0 wpex-clr\"><div class=\"vcex-image-grid-entry-img entry-media wpex-relative wpex-mb-20\"><a href=\"https:\/\/crawfordhouse.dk\/wp-content\/uploads\/2020\/07\/Helle_Rask_Crawford_Pigen-_i_Kammuslingen_68-h10cm_2020.jpeg\" class=\"vcex-image-grid-entry-link wpex-lightbox-group-item\" data-caption=\"Pigen i Muslingeskallen. Bronze, muslingeskal, guld, skifer, h 10cm\"><img width=\"2878\" height=\"3408\" src=\"https:\/\/crawfordhouse.dk\/wp-content\/uploads\/2020\/07\/Helle_Rask_Crawford_Pigen-_i_Kammuslingen_68-h10cm_2020.jpeg\" class=\"wpex-align-middle\" alt=\"\" loading=\"lazy\" decoding=\"async\" \/><\/a><\/div><\/figure><\/div><div class=\"id-4539 vcex-image-grid-entry vcex-grid-item wpex-text-center span_1_of_4 col col-3\"><figure class=\"vcex-image-grid-entry-figure wpex-last-mb-0 wpex-clr\"><div class=\"vcex-image-grid-entry-img entry-media wpex-relative wpex-mb-20\"><a href=\"https:\/\/crawfordhouse.dk\/wp-content\/uploads\/2020\/07\/IMG_7589.jpeg\" class=\"vcex-image-grid-entry-link wpex-lightbox-group-item\" data-caption=\"Pause...Samarbejde med Loud Living. Bronze, tr\u00e6,h 15cm\"><img width=\"2583\" height=\"1866\" src=\"https:\/\/crawfordhouse.dk\/wp-content\/uploads\/2020\/07\/IMG_7589.jpeg\" class=\"wpex-align-middle\" alt=\"\" loading=\"lazy\" decoding=\"async\" \/><\/a><\/div><\/figure><\/div><div class=\"id-4535 vcex-image-grid-entry vcex-grid-item wpex-text-center span_1_of_4 col col-4\"><figure class=\"vcex-image-grid-entry-figure wpex-last-mb-0 wpex-clr\"><div class=\"vcex-image-grid-entry-img entry-media wpex-relative wpex-mb-20\"><a href=\"https:\/\/crawfordhouse.dk\/wp-content\/uploads\/2020\/07\/Helle_Rask_Crawford_Like_Tears_in-Rain_-Bronze_granit_h_150cm_2020.jpeg\" class=\"vcex-image-grid-entry-link wpex-lightbox-group-item\" data-caption=\"Like Tears in Rain... Hommage \u00e0 Blade Runner. Bronze, granit, h 120cm\"><img width=\"2227\" height=\"3946\" src=\"https:\/\/crawfordhouse.dk\/wp-content\/uploads\/2020\/07\/Helle_Rask_Crawford_Like_Tears_in-Rain_-Bronze_granit_h_150cm_2020.jpeg\" class=\"wpex-align-middle\" alt=\"\" loading=\"lazy\" decoding=\"async\" \/><\/a><\/div><\/figure><\/div><div class=\"id-4533 vcex-image-grid-entry vcex-grid-item wpex-text-center span_1_of_4 col col-1\"><figure class=\"vcex-image-grid-entry-figure wpex-last-mb-0 wpex-clr\"><div class=\"vcex-image-grid-entry-img entry-media wpex-relative wpex-mb-20\"><a href=\"https:\/\/crawfordhouse.dk\/wp-content\/uploads\/2020\/07\/Helle_Rask_Crawford_Giacometti_at_the_Easel_-Bronze_granit_h_35cm_2020-3.jpeg\" class=\"vcex-image-grid-entry-link wpex-lightbox-group-item\" data-caption=\"Giacometti s\u00e6tter det sidste Str\u00f8g. Bronze, granit, h 35cm\"><img width=\"1622\" height=\"3326\" src=\"https:\/\/crawfordhouse.dk\/wp-content\/uploads\/2020\/07\/Helle_Rask_Crawford_Giacometti_at_the_Easel_-Bronze_granit_h_35cm_2020-3.jpeg\" class=\"wpex-align-middle\" alt=\"\" loading=\"lazy\" decoding=\"async\" \/><\/a><\/div><\/figure><\/div><div class=\"id-4531 vcex-image-grid-entry vcex-grid-item wpex-text-center span_1_of_4 col col-2\"><figure class=\"vcex-image-grid-entry-figure wpex-last-mb-0 wpex-clr\"><div class=\"vcex-image-grid-entry-img entry-media wpex-relative wpex-mb-20\"><a href=\"https:\/\/crawfordhouse.dk\/wp-content\/uploads\/2020\/07\/Crawford-Helle-Rask.-Sophia-st\u00e5r-i-Vandkanten.jpeg\" class=\"vcex-image-grid-entry-link wpex-lightbox-group-item\" data-caption=\"Sophia st\u00e5r i Vandkanten. Bronze, granit, h 75cm\"><img width=\"2224\" height=\"2416\" src=\"https:\/\/crawfordhouse.dk\/wp-content\/uploads\/2020\/07\/Crawford-Helle-Rask.-Sophia-st\u00e5r-i-Vandkanten.jpeg\" class=\"wpex-align-middle\" alt=\"\" loading=\"lazy\" decoding=\"async\" \/><\/a><\/div><\/figure><\/div><div class=\"id-4529 vcex-image-grid-entry vcex-grid-item wpex-text-center span_1_of_4 col col-3\"><figure class=\"vcex-image-grid-entry-figure wpex-last-mb-0 wpex-clr\"><div class=\"vcex-image-grid-entry-img entry-media wpex-relative wpex-mb-20\"><a href=\"https:\/\/crawfordhouse.dk\/wp-content\/uploads\/2020\/07\/Crawford-Helle-Rask.-Melankoli.jpeg\" class=\"vcex-image-grid-entry-link wpex-lightbox-group-item\" data-caption=\"Melankoli. Bronze, h 20cm\"><img width=\"2289\" height=\"2125\" src=\"https:\/\/crawfordhouse.dk\/wp-content\/uploads\/2020\/07\/Crawford-Helle-Rask.-Melankoli.jpeg\" class=\"wpex-align-middle\" alt=\"\" loading=\"lazy\" decoding=\"async\" \/><\/a><\/div><\/figure><\/div><div class=\"id-4527 vcex-image-grid-entry vcex-grid-item wpex-text-center span_1_of_4 col col-4\"><figure class=\"vcex-image-grid-entry-figure wpex-last-mb-0 wpex-clr\"><div class=\"vcex-image-grid-entry-img entry-media wpex-relative wpex-mb-20\"><a href=\"https:\/\/crawfordhouse.dk\/wp-content\/uploads\/2020\/07\/Crawford-Helle-Rask.-F\u00f8lhygge.jpeg\" class=\"vcex-image-grid-entry-link wpex-lightbox-group-item\" data-caption=\"F\u00f8lhygge. Bronze, h 15cm\"><img width=\"3257\" height=\"2548\" src=\"https:\/\/crawfordhouse.dk\/wp-content\/uploads\/2020\/07\/Crawford-Helle-Rask.-F\u00f8lhygge.jpeg\" class=\"wpex-align-middle\" alt=\"\" loading=\"lazy\" decoding=\"async\" \/><\/a><\/div><\/figure><\/div><div class=\"id-4525 vcex-image-grid-entry vcex-grid-item wpex-text-center span_1_of_4 col col-1\"><figure class=\"vcex-image-grid-entry-figure wpex-last-mb-0 wpex-clr\"><div class=\"vcex-image-grid-entry-img entry-media wpex-relative wpex-mb-20\"><a href=\"https:\/\/crawfordhouse.dk\/wp-content\/uploads\/2020\/07\/Crawford-Helle-Rask.-At-the-Lennon-Wall-in-Hong-Kong.jpeg\" class=\"vcex-image-grid-entry-link wpex-lightbox-group-item\" data-caption=\"At the Lennon Wall in Hong Kong, bonze, kobber, emalje, h 20cm\"><img width=\"1968\" height=\"1967\" src=\"https:\/\/crawfordhouse.dk\/wp-content\/uploads\/2020\/07\/Crawford-Helle-Rask.-At-the-Lennon-Wall-in-Hong-Kong.jpeg\" class=\"wpex-align-middle\" alt=\"\" loading=\"lazy\" decoding=\"async\" \/><\/a><\/div><\/figure><\/div><div class=\"id-4523 vcex-image-grid-entry vcex-grid-item wpex-text-center span_1_of_4 col col-2\"><figure class=\"vcex-image-grid-entry-figure wpex-last-mb-0 wpex-clr\"><div class=\"vcex-image-grid-entry-img entry-media wpex-relative wpex-mb-20\"><a href=\"https:\/\/crawfordhouse.dk\/wp-content\/uploads\/2020\/07\/Crawford-Helle.-Lille-lodden-Hest-f\u00e5r-mad-af-fint-Fad.jpeg\" class=\"vcex-image-grid-entry-link wpex-lightbox-group-item\" data-caption=\"Lille lodden Hest f\u00e5r mad af fint Fad. Bronze, kobber, emalje, h 18cm\"><img width=\"2366\" height=\"2270\" src=\"https:\/\/crawfordhouse.dk\/wp-content\/uploads\/2020\/07\/Crawford-Helle.-Lille-lodden-Hest-f\u00e5r-mad-af-fint-Fad.jpeg\" class=\"wpex-align-middle\" alt=\"\" loading=\"lazy\" decoding=\"async\" \/><\/a><\/div><\/figure><\/div><div class=\"id-4521 vcex-image-grid-entry vcex-grid-item wpex-text-center span_1_of_4 col col-3\"><figure class=\"vcex-image-grid-entry-figure wpex-last-mb-0 wpex-clr\"><div class=\"vcex-image-grid-entry-img entry-media wpex-relative wpex-mb-20\"><a href=\"https:\/\/crawfordhouse.dk\/wp-content\/uploads\/2020\/07\/Helle_Rask_Crawford_Knebrersken_bronze_limsten_h35cm_2020.jpeg\" class=\"vcex-image-grid-entry-link wpex-lightbox-group-item\" data-caption=\"Knebrersken. Bronze, limsten, h 35cm\"><img width=\"1394\" height=\"2493\" src=\"https:\/\/crawfordhouse.dk\/wp-content\/uploads\/2020\/07\/Helle_Rask_Crawford_Knebrersken_bronze_limsten_h35cm_2020.jpeg\" class=\"wpex-align-middle\" alt=\"\" loading=\"lazy\" decoding=\"async\" \/><\/a><\/div><\/figure><\/div><div class=\"id-4485 vcex-image-grid-entry vcex-grid-item wpex-text-center span_1_of_4 col col-4\"><figure class=\"vcex-image-grid-entry-figure wpex-last-mb-0 wpex-clr\"><div class=\"vcex-image-grid-entry-img entry-media wpex-relative wpex-mb-20\"><a href=\"https:\/\/crawfordhouse.dk\/wp-content\/uploads\/2020\/03\/Helle_Rask_Craford_Hanekylling_edition_8_h30cm_bronze_guld_2020.1.jpeg\" class=\"vcex-image-grid-entry-link wpex-lightbox-group-item\" data-caption=\"The Cockerel, bronze, gold, h 30cm\"><img width=\"1719\" height=\"2035\" src=\"https:\/\/crawfordhouse.dk\/wp-content\/uploads\/2020\/03\/Helle_Rask_Craford_Hanekylling_edition_8_h30cm_bronze_guld_2020.1.jpeg\" class=\"wpex-align-middle\" alt=\"\" loading=\"lazy\" decoding=\"async\" \/><\/a><\/div><\/figure><\/div><\/div><\/div>[\/vc_column][\/vc_row]\n<\/div>","protected":false},"excerpt":{"rendered":"<p>[vc_row][vc_column][\/vc_column][\/vc_row][vc_row][vc_column][\/vc_column][\/vc_row]<\/p>\n","protected":false},"author":1,"featured_media":0,"parent":91,"menu_order":21,"comment_status":"closed","ping_status":"closed","template":"","meta":{"footnotes":""},"class_list":["post-4415","page","type-page","status-publish","hentry","entry","no-media"],"_links":{"self":[{"href":"https:\/\/crawfordhouse.dk\/en\/wp-json\/wp\/v2\/pages\/4415","targetHints":{"allow":["GET"]}}],"collection":[{"href":"https:\/\/crawfordhouse.dk\/en\/wp-json\/wp\/v2\/pages"}],"about":[{"href":"https:\/\/crawfordhouse.dk\/en\/wp-json\/wp\/v2\/types\/page"}],"author":[{"embeddable":true,"href":"https:\/\/crawfordhouse.dk\/en\/wp-json\/wp\/v2\/users\/1"}],"replies":[{"embeddable":true,"href":"https:\/\/crawfordhouse.dk\/en\/wp-json\/wp\/v2\/comments?post=4415"}],"version-history":[{"count":0,"href":"https:\/\/crawfordhouse.dk\/en\/wp-json\/wp\/v2\/pages\/4415\/revisions"}],"up":[{"embeddable":true,"href":"https:\/\/crawfordhouse.dk\/en\/wp-json\/wp\/v2\/pages\/91"}],"wp:attachment":[{"href":"https:\/\/crawfordhouse.dk\/en\/wp-json\/wp\/v2\/media?parent=4415"}],"curies":[{"name":"wp","href":"https:\/\/api.w.org\/{rel}","templated":true}]}}